{"id":1574,"date":"2018-06-27T07:02:50","date_gmt":"2018-06-27T05:02:50","guid":{"rendered":"https:\/\/new.ff-bisamberg.at\/?page_id=1574"},"modified":"2025-02-23T09:57:21","modified_gmt":"2025-02-23T08:57:21","slug":"wir-ueber-uns","status":"publish","type":"page","link":"https:\/\/www.ff-bisamberg.at\/?page_id=1574","title":{"rendered":"Wir \u00fcber uns"},"content":{"rendered":"<div class=\"wp-block-image\">\n<figure class=\"aligncenter\"><img loading=\"lazy\" decoding=\"async\" width=\"366\" height=\"202\" src=\"https:\/\/www.ff-bisamberg.at\/wp-content\/uploads\/image.png\" alt=\"\" class=\"wp-image-1778\" srcset=\"https:\/\/www.ff-bisamberg.at\/wp-content\/uploads\/image.png 366w, https:\/\/www.ff-bisamberg.at\/wp-content\/uploads\/image-300x166.png 300w\" sizes=\"auto, (max-width: 366px) 100vw, 366px\" \/><\/figure><\/div>\n\n\n<p>Das Wesen der freiwilligen Feuerwehren in \u00d6sterreich hat seinen Ursprung in den Turnervereinigungen, der liberalen B\u00fcrgerbewegung und der wachsenden Konsolidierung der Gemeinden als Verwaltungs- und Lebensgemeinschaften in der Mitte des 19. Jahrhunderts.<br>Am 13. September 1885 war es auch in Bisamberg soweit, dass eine freiwillige Feuerwehr gegr\u00fcndet werden konnte. Das Kommando und Verwaltung bestanden damals aus dem<\/p>\n\n\n\n<ul class=\"wp-block-list\">\n<li>Hauptmann Johann Witzka, dem<\/li>\n\n\n\n<li>Stellvertreter Johann Schmidt, dem<\/li>\n\n\n\n<li>Schriftf\u00fchrer Anton Zickl und dem<\/li>\n\n\n\n<li>Zahlmeister Leopold Schirl.<\/li>\n<\/ul>\n\n\n\n<p>Die finanziellen Mittel mu\u00dften ausschlie\u00dflich durch Spenden aufgebracht werden. Als gro\u00dfz\u00fcgige Spender haben sich nebst vielen anderen erwiesen: Graf Abensperg-Traun, das Stift Klosterneuburg und die Sparkasse Korneuburg. Die Arbeits- und Ausgangsuniformen mu\u00dften sich die Feuerwehrm\u00e4nner damals selbst bezahlen. Entsprechend den bescheidenen finanziellen M\u00f6glichkeiten findet sich ein einziges Inventarst\u00fcck in den Aufzeichnungen, eine alte Spritze.<\/p>\n\n\n\n<p>Schon bald kam die erste Bew\u00e4hrungsprobe bei einem Fabriksbrand der Firma Schaumann in Korneuburg im November des selben Jahres.<br><br>Es folgten wechselvolle Jahre, in denen Ausr\u00fcstung und Technik verbessert wurden. Die beiden Weltkriege hinterlie\u00dfen ihre Spuren in der Feuerwehr. Die Einberufungen der Milit\u00e4rs dezimierten den Mannschaftsstand jeweils erheblich und so mussten Teile der Zivilbev\u00f6lkerung Aufgaben der Feuerwehr \u00fcbernehmen.<br><br>Bis zum zweiten Weltkrieg oblag der Feuerwehr auch das gesamte Krankentransportwesen, welches Anfang der 1930er Jahre an das Deutsche Rote Kreuz \u00fcbergeben werden musste. Zu dieser Zeit wurden auch durchgehende Vereinheitlichungen bez\u00fcglich Ausr\u00fcstung und Fuhrpark durchgef\u00fchrt.<br><br>In der Nachkriegszeit wurden die im Krieg dezimierten Feuerwehren langsam wieder aufgebaut und teilweise aus Best\u00e4nden des Luftschutzes ausger\u00fcstet. Bisamberg hatte fast seine gesamte Ausr\u00fcstung verloren. Beim Neuaufbau war einiges an Improvisation notwendig.<br> Schliesslich wurden ein Jeep und ein Steyr LKW angekauft und zu feuerwehrtauglichen Fahrzeugen aufger\u00fcstet.<br><br>Zu der Zeit wurde auch wieder eine Wettkampfgruppe gegr\u00fcndet. Sp\u00e4ter wurde die sogenannte \u201cSprenggruppe 9\u201d in Bisamberg stationiert, auch eine Tauchergruppe ist zu der Zeit Teil der Feuerwehr Bisamberg. Mit ihnen hielten auch die Zillen Einzug in die Ausstattung.<br> Die weiteren Jahre standen im Zeichen der Weiterentwicklung von Haus, Ausr\u00fcstung und Ausbildung.<br><\/p>\n\n\n\n<p>Mitglied der aktiven Mannschaft der Feuerwehr zu sein bedeutet, dass man das ganze Jahr in der Freizeit etwas zu tun hat. Und das sind nicht nur die Eins\u00e4tze, sondern in erster Linie \u00dcbung und Ausbildung und in zweiter Linie Traditionspflege und Pflege der Kontakte in der Gemeinde.<\/p>\n\n\n\n<figure class=\"wp-block-image\"><img loading=\"lazy\" decoding=\"async\" width=\"1200\" height=\"900\" src=\"https:\/\/www.ff-bisamberg.at\/wp-content\/uploads\/rettungskette-1200x900.jpg\" alt=\"\" class=\"wp-image-1791\" srcset=\"https:\/\/www.ff-bisamberg.at\/wp-content\/uploads\/rettungskette-1200x900.jpg 1200w, https:\/\/www.ff-bisamberg.at\/wp-content\/uploads\/rettungskette-300x225.jpg 300w, https:\/\/www.ff-bisamberg.at\/wp-content\/uploads\/rettungskette-768x576.jpg 768w, https:\/\/www.ff-bisamberg.at\/wp-content\/uploads\/rettungskette-624x468.jpg 624w, https:\/\/www.ff-bisamberg.at\/wp-content\/uploads\/rettungskette.jpg 1280w\" sizes=\"auto, (max-width: 1200px) 100vw, 1200px\" \/><\/figure>\n\n\n\n<p>Die Inhalte der w\u00f6chentlichen \u00dcbungen orientieren sich an den typischen Einsatzszenarien,  die eine Feuerwehr in dieser  Gegend erwarten k\u00f6nnte, aber auch  Spezialthemen, welche eher  selten zur Anwendung kommen. <\/p>\n\n\n\n<p>Die Basis  der Eins\u00e4tze ist m\u00f6glichst standardisiert, das hei\u00dft, es gibt gewisse Grundregeln<br> und Rollen f\u00fcr die ausfahrenden Feuerwehrleute, die fest vorgegeben sind. Wenn etwa zu einer PKW Bergung  alarmiert wird, werden bestimmte Ger\u00e4tschaften nach dem Aussteigen aus<br> dem Fahrzeug vorbereitet. Wenn die Lage erkundet ist, wird von Fall zu Fall weiter entschieden, wie vorgegangen wird. Aber die Basis solcher Eins\u00e4tze ist vorgegeben und bei \u00dcbungen werden Varianten geprobt.<\/p>\n\n\n\n<figure class=\"wp-block-image\"><img loading=\"lazy\" decoding=\"async\" width=\"1072\" height=\"900\" src=\"https:\/\/www.ff-bisamberg.at\/wp-content\/uploads\/SER-1072x900.jpg\" alt=\"\" class=\"wp-image-1792\" srcset=\"https:\/\/www.ff-bisamberg.at\/wp-content\/uploads\/SER-1072x900.jpg 1072w, https:\/\/www.ff-bisamberg.at\/wp-content\/uploads\/SER-300x252.jpg 300w, https:\/\/www.ff-bisamberg.at\/wp-content\/uploads\/SER-768x645.jpg 768w, https:\/\/www.ff-bisamberg.at\/wp-content\/uploads\/SER-624x524.jpg 624w, https:\/\/www.ff-bisamberg.at\/wp-content\/uploads\/SER.jpg 1364w\" sizes=\"auto, (max-width: 1072px) 100vw, 1072px\" \/><\/figure>\n\n\n\n<p>Auch f\u00fcr Brandeins\u00e4tze werden Grundregeln  der Ausr\u00fcstung und Vorbereitung  angewendet, die bei einem Einsatz vor Ort den Gegebenheiten angepasst werden. Die moderne Ausr\u00fcstung erm\u00f6glicht  das Arbeiten in sehr gro\u00dfer Hitze. Das Material ist \u00e4u\u00dferst hitzebest\u00e4ndig und  durch eingearbeitete Abstandshalter wird sichergestellt, dass immer ein d\u00fcnner Luftpolster in der Kleidung als zus\u00e4tzliche Abschirmung erhalten bleibt. Ebenso sind alle anderen Teile der Ausr\u00fcstung entsprechend feuerhemmend und Hitze abweisend.<\/p>\n\n\n\n<figure class=\"wp-block-image\"><img loading=\"lazy\" decoding=\"async\" width=\"1200\" height=\"900\" src=\"https:\/\/www.ff-bisamberg.at\/wp-content\/uploads\/brand_ue-1200x900.jpg\" alt=\"\" class=\"wp-image-1793\" srcset=\"https:\/\/www.ff-bisamberg.at\/wp-content\/uploads\/brand_ue-1200x900.jpg 1200w, https:\/\/www.ff-bisamberg.at\/wp-content\/uploads\/brand_ue-300x225.jpg 300w, https:\/\/www.ff-bisamberg.at\/wp-content\/uploads\/brand_ue-768x576.jpg 768w, https:\/\/www.ff-bisamberg.at\/wp-content\/uploads\/brand_ue-624x468.jpg 624w, https:\/\/www.ff-bisamberg.at\/wp-content\/uploads\/brand_ue.jpg 1280w\" sizes=\"auto, (max-width: 1200px) 100vw, 1200px\" \/><\/figure>\n\n\n\n<p>Bei der Feuerwehr Bisamberg gibt es auch einen Wasserdienst. Zu Beginn der warmen Jahreszeit ist die  Zeit, in der die Zillen wieder instand gesetzt und in der Korneuburger Werft zu Wasser gelassen werden. Dort liegen sie bereit f\u00fcr Eins\u00e4tze etwa bei Hochwasser oder Unwettern, bei denen es zu \u00dcberflutungen kommt. Ebenso wird regelm\u00e4\u00dfig ge\u00fcbt und auch f\u00fcr die j\u00e4hrlich stattfindenden Wasserdienstleistungsbewerbe trainiert.<\/p>\n\n\n\n<figure class=\"wp-block-image\"><img loading=\"lazy\" decoding=\"async\" width=\"1200\" height=\"900\" src=\"https:\/\/www.ff-bisamberg.at\/wp-content\/uploads\/sommer-1200x900.jpg\" alt=\"\" class=\"wp-image-1794\" srcset=\"https:\/\/www.ff-bisamberg.at\/wp-content\/uploads\/sommer-1200x900.jpg 1200w, https:\/\/www.ff-bisamberg.at\/wp-content\/uploads\/sommer-300x225.jpg 300w, https:\/\/www.ff-bisamberg.at\/wp-content\/uploads\/sommer-768x576.jpg 768w, https:\/\/www.ff-bisamberg.at\/wp-content\/uploads\/sommer-624x468.jpg 624w, https:\/\/www.ff-bisamberg.at\/wp-content\/uploads\/sommer.jpg 1280w\" sizes=\"auto, (max-width: 1200px) 100vw, 1200px\" \/><\/figure>\n\n\n\n<p>F\u00fcr einen tabellarischen \u00dcberblick \u00fcber unsere Geschichte siehe auch <a href=\"https:\/\/www.ff-bisamberg.at\/?page_id=4153\" data-type=\"page\" data-id=\"4153\">Unsere Geschichte tabellarisch<\/a>.<\/p>\n\n\n\n<p><br><\/p>\n","protected":false},"excerpt":{"rendered":"<p>Das Wesen der freiwilligen Feuerwehren in \u00d6sterreich hat seinen Ursprung in den Turnervereinigungen, der liberalen B\u00fcrgerbewegung und der wachsenden Konsolidierung der Gemeinden als Verwaltungs- und Lebensgemeinschaften in der Mitte des 19. Jahrhunderts.Am 13. September 1885 war es auch in Bisamberg soweit, dass eine freiwillige Feuerwehr gegr\u00fcndet werden konnte. Das Kommando und Verwaltung bestanden damals aus [&hellip;]<\/p>\n","protected":false},"author":8,"featured_media":0,"parent":0,"menu_order":0,"comment_status":"closed","ping_status":"closed","template":"","meta":{"ngg_post_thumbnail":0,"footnotes":""},"class_list":["post-1574","page","type-page","status-publish","hentry"],"publishpress_future_action":{"enabled":false,"date":"2026-05-22 13:56:38","action":"change-status","newStatus":"draft","terms":[],"taxonomy":"","extraData":[]},"publishpress_future_workflow_manual_trigger":{"enabledWorkflows":[]},"_links":{"self":[{"href":"https:\/\/www.ff-bisamberg.at\/index.php?rest_route=\/wp\/v2\/pages\/1574","targetHints":{"allow":["GET"]}}],"collection":[{"href":"https:\/\/www.ff-bisamberg.at\/index.php?rest_route=\/wp\/v2\/pages"}],"about":[{"href":"https:\/\/www.ff-bisamberg.at\/index.php?rest_route=\/wp\/v2\/types\/page"}],"author":[{"embeddable":true,"href":"https:\/\/www.ff-bisamberg.at\/index.php?rest_route=\/wp\/v2\/users\/8"}],"replies":[{"embeddable":true,"href":"https:\/\/www.ff-bisamberg.at\/index.php?rest_route=%2Fwp%2Fv2%2Fcomments&post=1574"}],"version-history":[{"count":10,"href":"https:\/\/www.ff-bisamberg.at\/index.php?rest_route=\/wp\/v2\/pages\/1574\/revisions"}],"predecessor-version":[{"id":4166,"href":"https:\/\/www.ff-bisamberg.at\/index.php?rest_route=\/wp\/v2\/pages\/1574\/revisions\/4166"}],"wp:attachment":[{"href":"https:\/\/www.ff-bisamberg.at\/index.php?rest_route=%2Fwp%2Fv2%2Fmedia&parent=1574"}],"curies":[{"name":"wp","href":"https:\/\/api.w.org\/{rel}","templated":true}]}}