{"id":1691,"date":"2019-06-18T17:21:41","date_gmt":"2019-06-18T15:21:41","guid":{"rendered":"https:\/\/new.ff-bisamberg.at\/?page_id=1691"},"modified":"2025-01-17T13:59:25","modified_gmt":"2025-01-17T12:59:25","slug":"spendenabsetzbarkeit","status":"publish","type":"page","link":"https:\/\/www.ff-bisamberg.at\/?page_id=1691","title":{"rendered":"Spenden"},"content":{"rendered":"\n<p>Spenden bilden einen wesentlichen Teil der Finanzierung der Ausr\u00fcstung der Feuerwehr Bisamberg. Veranstaltungen und die j\u00e4hrlich stattfindende Haussammlung (meistens im Sommer) sind wichtige S\u00e4ulen der Spendensammlung. Spenden sind seit 2017 steuerlich absetzbar.<br> Ihre Spenden werden von der Feuerwehr Bisamberg verpflichtend direkt an Ihr&nbsp;<a rel=\"noreferrer noopener\" target=\"_blank\" href=\"https:\/\/service.bmf.gv.at\/service\/anwend\/behoerden\/\">Finanzamt<\/a> gemeldet und erstmals automatisch in Ihre (Arbeiternehmerinnen\/Arbeitnehmer) Veranlagung f\u00fcr das jeweilige Jahr \u00fcbernommen. <br>Die von&nbsp;Ihnen geleisteten Betr\u00e4ge werden automatisch in Ihrer Veranlagung ber\u00fccksichtigt und sind somit steuerlich absetzbar, wenn Sie der Spendenorganisation Ihren&nbsp;<strong>Vor- und Zunamen&nbsp;<\/strong>sowie Ihr&nbsp;<strong>Geburtsdatum&nbsp;<\/strong>bekannt geben. Wichtig dabei ist, dass Sie&nbsp;Ihre Daten korrekt bekannt geben und insbesondere, dass die Schreibweise Ihres Namens mit jener im Meldezettel \u00fcbereinstimmt.&nbsp; <br><br>Weiters gibt es spezielle Zahlungsanweisungen (Erlagscheine):  <\/p>\n\n\n\n<p><img loading=\"lazy\" decoding=\"async\" width=\"300\" height=\"206\" class=\"wp-image-1774\" style=\"width: 300px;\" src=\"https:\/\/new.ff-bisamberg.at\/wp-content\/uploads\/Zahlungsanweisung_Spenden_Visualisierung.jpg\" alt=\"\" srcset=\"https:\/\/www.ff-bisamberg.at\/wp-content\/uploads\/Zahlungsanweisung_Spenden_Visualisierung.jpg 720w, https:\/\/www.ff-bisamberg.at\/wp-content\/uploads\/Zahlungsanweisung_Spenden_Visualisierung-300x206.jpg 300w, https:\/\/www.ff-bisamberg.at\/wp-content\/uploads\/Zahlungsanweisung_Spenden_Visualisierung-624x429.jpg 624w\" sizes=\"auto, (max-width: 300px) 100vw, 300px\" \/><\/p>\n\n\n\n<p> Sie k\u00f6nnen aber auch jede herk\u00f6mmliche Zahlungsanweisung (Erlagschein) verwenden, indem Sie Ihren korrekten Vor- und Zunamen sowie Ihr Geburtsdatum im &#8222;Verwendungszweck&#8220; angeben. Beachten Sie bitte, dass diese Informationen nur \u00fcbermittelt werden, wenn das Feld &#8222;Zahlungsreferenz&#8220; nicht ausgef\u00fcllt ist. <br><br> Das&nbsp;hei\u00dft, Sie brauchen Ihre Spendenzahlungsanweisung (Spendenerlagschein) nicht mehr aufzuheben und sich nicht mehr um die Eintragung&nbsp;Ihrer Spenden in Ihre&nbsp;(Arbeitnehmer\/innen)Veranlagung zu k\u00fcmmern, wenn Sie Ihre Spende steuerlich absetzen m\u00f6chten. <\/p>\n\n\n\n<p>Wenn Sie etwas f\u00fcr die Freiwillige Feuerwehr Bisamberg spenden wollen, dann verwenden Sie bitte diese Kontodaten: <br><strong>Raiffeisenbank Korneuburg &#8211; Bankstelle Bisamberg<br>AT45 3239 5000 0040 0333<\/strong><\/p>\n\n\n\n<p>Wir haben auch einen Qr-Code vorbereitet, der einen Spendenvorschlag, bzw. den Betrag f\u00fcr die Sicherheitscard enth\u00e4lt:<\/p>\n\n\n\n<figure class=\"wp-block-image size-full\"><img loading=\"lazy\" decoding=\"async\" width=\"326\" height=\"310\" src=\"https:\/\/www.ff-bisamberg.at\/wp-content\/uploads\/qr_spendenvorschlag_oder_sicherheitscard.png\" alt=\"\" class=\"wp-image-4132\" srcset=\"https:\/\/www.ff-bisamberg.at\/wp-content\/uploads\/qr_spendenvorschlag_oder_sicherheitscard.png 326w, https:\/\/www.ff-bisamberg.at\/wp-content\/uploads\/qr_spendenvorschlag_oder_sicherheitscard-300x285.png 300w\" sizes=\"auto, (max-width: 326px) 100vw, 326px\" \/><\/figure>\n\n\n\n<p>Weiterf\u00fchrende Information finden Sie auf den Seiten des <a href=\"https:\/\/www.bmf.gv.at\/kampagnen\/spendenservice.html#heading_Wie_funktioniert_die_automatische_steuerliche_Beruecksichtigung_Ihrer_Spende_ab_1_1_2017_\">Finanzamts<\/a>.<\/p>\n","protected":false},"excerpt":{"rendered":"<p>Spenden bilden einen wesentlichen Teil der Finanzierung der Ausr\u00fcstung der Feuerwehr Bisamberg. Veranstaltungen und die j\u00e4hrlich stattfindende Haussammlung (meistens im Sommer) sind wichtige S\u00e4ulen der Spendensammlung. Spenden sind seit 2017 steuerlich absetzbar. Ihre Spenden werden von der Feuerwehr Bisamberg verpflichtend direkt an Ihr&nbsp;Finanzamt gemeldet und erstmals automatisch in Ihre (Arbeiternehmerinnen\/Arbeitnehmer) Veranlagung f\u00fcr das jeweilige Jahr [&hellip;]<\/p>\n","protected":false},"author":9,"featured_media":0,"parent":0,"menu_order":0,"comment_status":"closed","ping_status":"closed","template":"","meta":{"ngg_post_thumbnail":0,"footnotes":""},"class_list":["post-1691","page","type-page","status-publish","hentry"],"publishpress_future_action":{"enabled":false,"date":"2026-04-23 00:38:19","action":"change-status","newStatus":"draft","terms":[],"taxonomy":"","extraData":[]},"publishpress_future_workflow_manual_trigger":{"enabledWorkflows":[]},"_links":{"self":[{"href":"https:\/\/www.ff-bisamberg.at\/index.php?rest_route=\/wp\/v2\/pages\/1691","targetHints":{"allow":["GET"]}}],"collection":[{"href":"https:\/\/www.ff-bisamberg.at\/index.php?rest_route=\/wp\/v2\/pages"}],"about":[{"href":"https:\/\/www.ff-bisamberg.at\/index.php?rest_route=\/wp\/v2\/types\/page"}],"author":[{"embeddable":true,"href":"https:\/\/www.ff-bisamberg.at\/index.php?rest_route=\/wp\/v2\/users\/9"}],"replies":[{"embeddable":true,"href":"https:\/\/www.ff-bisamberg.at\/index.php?rest_route=%2Fwp%2Fv2%2Fcomments&post=1691"}],"version-history":[{"count":10,"href":"https:\/\/www.ff-bisamberg.at\/index.php?rest_route=\/wp\/v2\/pages\/1691\/revisions"}],"predecessor-version":[{"id":4133,"href":"https:\/\/www.ff-bisamberg.at\/index.php?rest_route=\/wp\/v2\/pages\/1691\/revisions\/4133"}],"wp:attachment":[{"href":"https:\/\/www.ff-bisamberg.at\/index.php?rest_route=%2Fwp%2Fv2%2Fmedia&parent=1691"}],"curies":[{"name":"wp","href":"https:\/\/api.w.org\/{rel}","templated":true}]}}