{"id":1780,"date":"2019-07-15T17:08:55","date_gmt":"2019-07-15T15:08:55","guid":{"rendered":"https:\/\/new.ff-bisamberg.at\/?page_id=1780"},"modified":"2020-01-22T17:52:58","modified_gmt":"2020-01-22T16:52:58","slug":"jugend","status":"publish","type":"page","link":"https:\/\/www.ff-bisamberg.at\/?page_id=1780","title":{"rendered":"Jugend"},"content":{"rendered":"\n<p>Vor fast 30 Jahren unter Feuerwehrkommandant EHBI Roland M\u00f6ssl gegr\u00fcndet, bildet die  Feuerwehrjugend heute das R\u00fcckgrat der Nachwuchsarbeit unserer Feuerwehr. F\u00fcr etwa 90 % der heute aktiven Einsatzmannschaft, auch f\u00fcr unser derzeitiges Feuerwehrkommando, hat die Feuerwehrkarriere in der Feuerwehrjugend begonnen.  <br>Um das n\u00f6tige R\u00fcstzeug f\u00fcr den sp\u00e4teren Einsatzalltag zu erlernen, werden im Rahmen der Jugend\u00fcbungen theoretisches und praktisches Feuerwehrwissen, technisches Verst\u00e4ndnis f\u00fcr Einsatzger\u00e4te, aber auch wichtige Werte wie Kameradschaft, Teamwork und Hilfsbereitschaft spielerisch vermittelt. Auch Spa\u00df und Spiel darf bei der Feuerwehrjugend nicht zu kurz kommen. <\/p>\n\n\n\n<div class=\"wp-block-image\"><figure class=\"aligncenter\"><img loading=\"lazy\" decoding=\"async\" width=\"800\" height=\"600\" src=\"https:\/\/www.ff-bisamberg.at\/wp-content\/uploads\/sensor.jpg\" alt=\"\" class=\"wp-image-1787\" srcset=\"https:\/\/www.ff-bisamberg.at\/wp-content\/uploads\/sensor.jpg 800w, https:\/\/www.ff-bisamberg.at\/wp-content\/uploads\/sensor-300x225.jpg 300w, https:\/\/www.ff-bisamberg.at\/wp-content\/uploads\/sensor-768x576.jpg 768w, https:\/\/www.ff-bisamberg.at\/wp-content\/uploads\/sensor-624x468.jpg 624w\" sizes=\"auto, (max-width: 800px) 100vw, 800px\" \/><\/figure><\/div>\n\n\n\n<p><br>Neben \u00dcbungen zum Erlernen des Feuerwehrhandwerks bietet das Team der Feuerwehrjugend Bisamberg auch ein alternatives Freizeitangebot. Gemeinschaftlich werden Ausfl\u00fcge, Sportveranstaltungen oder andere Freizeitaktivit\u00e4ten besucht. Das schwei\u00dft die Gruppe zusammen und sorgt f\u00fcr die n\u00f6tige Abwechslung im Feuerwehralltag. <br>Die Feuerwehr arbeitet mit einer Vielzahl an technisch hochmodernen Ger\u00e4tschaften. Hydraulische Rettungsger\u00e4te, Atemschutzger\u00e4te und W\u00e4rmebildkameras geh\u00f6ren heutzutage zur Standardausr\u00fcstung von vielen Feuerwehren in Nieder\u00f6sterreich. Nat\u00fcrlich stellt diese Entwicklung gerade f\u00fcr eine Freiwillige Feuerwehr eine gro\u00dfe Herausforderung in der Aus- und Weiterbildung dar. In der Feuerwehrjugend erlernen die jungendlichen Feuerwehrm\u00e4nner und -frauen sehr fr\u00fch den Umgang mit den diversen Spezialger\u00e4tschaften, damit sp\u00e4ter im Ernstfall jeder Handgriff sitzt. Bei einer Vielzahl an Abschnitts-, Bezirks- und Landesbewerben k\u00f6nnen die Feuerwehrjugendmitglieder ihr K\u00f6nnen und das erlernte Wissen unter Beweis stellen und im Wettkampf gegen andere Jugendgruppen aus ganz Nieder\u00f6sterreich antreten. <\/p>\n\n\n\n<div class=\"wp-block-image\"><figure class=\"aligncenter\"><img loading=\"lazy\" decoding=\"async\" width=\"922\" height=\"614\" src=\"https:\/\/www.ff-bisamberg.at\/wp-content\/uploads\/jugendlager_bewerb.jpg\" alt=\"\" class=\"wp-image-1786\" srcset=\"https:\/\/www.ff-bisamberg.at\/wp-content\/uploads\/jugendlager_bewerb.jpg 922w, https:\/\/www.ff-bisamberg.at\/wp-content\/uploads\/jugendlager_bewerb-240x160.jpg 240w, https:\/\/www.ff-bisamberg.at\/wp-content\/uploads\/jugendlager_bewerb-300x200.jpg 300w, https:\/\/www.ff-bisamberg.at\/wp-content\/uploads\/jugendlager_bewerb-768x511.jpg 768w, https:\/\/www.ff-bisamberg.at\/wp-content\/uploads\/jugendlager_bewerb-624x416.jpg 624w\" sizes=\"auto, (max-width: 922px) 100vw, 922px\" \/><\/figure><\/div>\n\n\n\n<p><br>Vom sportlichen Bezirksskibewerb, bis zum Wissentest, wo in erster Linie Feuerwehrwissen gefragt ist, k\u00f6nnen die Jugendlichen in den verschiedensten Disziplinen gegeneinander oder gemeinsam im Team antreten. Eines der Highlights im Feuerwehrjugendkalender ist zweifelsfrei das j\u00e4hrlich stattfindende N\u00d6 Feuerwehrjugendlandeslager. Jedes Jahr treffen sich fast alle Feuerwehrjugendgruppen Nieder\u00f6sterreichs beziehungsweise der angrenzenden L\u00e4nder zum N\u00d6-Landesfeuerwehrjugend Leistungsbewerb. 4 Tage verbringen die Jugend lichen mit den Betreuern in einer der gr\u00f6\u00dften Zeltst\u00e4dte Europas und treffen dabei mehr als 5000 andere feuer wehrbegeisterte Jugendliche, um auf der Bewerbsbahn eines der hei\u00df begehrten Leistungsabzeichen zu erringen. <br>Hierbei kommt es nicht nur auf die Geschwindigkeit auf der Laufbahn, sondern auch auf das n\u00f6tige Fingerspitzengef\u00fchl beim Kuppeln von Schl\u00e4uchen und dem Anfertigen verschiedener Knoten an.  <\/p>\n\n\n\n<p><strong>Wissenswertes<\/strong>:<br>Jedes Jahr werden etwa 50 \u00dcbungen durchgef\u00fchrt und dabei mehr als 3900 Mannstunden an Ausbildungsarbeit f\u00fcr die Freiwillige Feuerwehr Bisamberg geleistet. Jeden Freitag gibt es eine spannende Feuerwehr\u00fcbung Teilnahme am Wissenstest(spiel) Teilnahme am Bezirks-Ski- und Snowboardbewerb Durchf\u00fchrung diverser Fertigkeitsabzeichen und Erprobungen Durchf\u00fchrung eines Ferienspiel mit \u00fcber 100 Kindern Teilnahme am Feuerwehrjugendlager, (auch mehrt\u00e4gige) Ausfl\u00fcge, Teilnahme am Ernst-Robl-Gedenkmarsch zu Silvester und vieles mehr!  <\/p>\n\n\n\n<p><strong>Interesse geweckt?<\/strong><br>Du bist zwischen 10 und 15 Jahren und suchst nach einem abwechslungsreichen Freizeitangebot? Vielleicht ist die Feuerwehr genau das Richtige f\u00fcr dich! Melde dich unter der folgenden Emailadresse:<\/p>\n\n\n\n<figure class=\"wp-block-image\"><img loading=\"lazy\" decoding=\"async\" width=\"259\" height=\"32\" src=\"https:\/\/www.ff-bisamberg.at\/wp-content\/uploads\/mehl_jugend.png\" alt=\"\" class=\"wp-image-1916\"\/><\/figure>\n\n\n\n<p>Das Team der Feuerwehrjugend Bisamberg freut sich \u00fcber jedes neue Gesicht und beantwortet alle Fragen gerne auch pers\u00f6nlich. Auf euer Kommen freut sich das Team der Feuerwehrjugend Bisamberg! <\/p>\n\n\n\n<div class=\"wp-block-image\"><figure class=\"aligncenter\"><img loading=\"lazy\" decoding=\"async\" width=\"834\" height=\"900\" src=\"https:\/\/www.ff-bisamberg.at\/wp-content\/uploads\/deckblatt-834x900.jpg\" alt=\"\" class=\"wp-image-1785\" srcset=\"https:\/\/www.ff-bisamberg.at\/wp-content\/uploads\/deckblatt-834x900.jpg 834w, https:\/\/www.ff-bisamberg.at\/wp-content\/uploads\/deckblatt-278x300.jpg 278w, https:\/\/www.ff-bisamberg.at\/wp-content\/uploads\/deckblatt-768x829.jpg 768w, https:\/\/www.ff-bisamberg.at\/wp-content\/uploads\/deckblatt-624x673.jpg 624w\" sizes=\"auto, (max-width: 834px) 100vw, 834px\" \/><\/figure><\/div>\n","protected":false},"excerpt":{"rendered":"<p>Vor fast 30 Jahren unter Feuerwehrkommandant EHBI Roland M\u00f6ssl gegr\u00fcndet, bildet die Feuerwehrjugend heute das R\u00fcckgrat der Nachwuchsarbeit unserer Feuerwehr. F\u00fcr etwa 90 % der heute aktiven Einsatzmannschaft, auch f\u00fcr unser derzeitiges Feuerwehrkommando, hat die Feuerwehrkarriere in der Feuerwehrjugend begonnen. Um das n\u00f6tige R\u00fcstzeug f\u00fcr den sp\u00e4teren Einsatzalltag zu erlernen, werden im Rahmen der Jugend\u00fcbungen [&hellip;]<\/p>\n","protected":false},"author":9,"featured_media":0,"parent":0,"menu_order":0,"comment_status":"closed","ping_status":"closed","template":"","meta":{"ngg_post_thumbnail":0,"footnotes":""},"class_list":["post-1780","page","type-page","status-publish","hentry"],"publishpress_future_action":{"enabled":false,"date":"2026-05-08 19:27:28","action":"change-status","newStatus":"draft","terms":[],"taxonomy":"","extraData":[]},"publishpress_future_workflow_manual_trigger":{"enabledWorkflows":[]},"_links":{"self":[{"href":"https:\/\/www.ff-bisamberg.at\/index.php?rest_route=\/wp\/v2\/pages\/1780","targetHints":{"allow":["GET"]}}],"collection":[{"href":"https:\/\/www.ff-bisamberg.at\/index.php?rest_route=\/wp\/v2\/pages"}],"about":[{"href":"https:\/\/www.ff-bisamberg.at\/index.php?rest_route=\/wp\/v2\/types\/page"}],"author":[{"embeddable":true,"href":"https:\/\/www.ff-bisamberg.at\/index.php?rest_route=\/wp\/v2\/users\/9"}],"replies":[{"embeddable":true,"href":"https:\/\/www.ff-bisamberg.at\/index.php?rest_route=%2Fwp%2Fv2%2Fcomments&post=1780"}],"version-history":[{"count":8,"href":"https:\/\/www.ff-bisamberg.at\/index.php?rest_route=\/wp\/v2\/pages\/1780\/revisions"}],"predecessor-version":[{"id":2241,"href":"https:\/\/www.ff-bisamberg.at\/index.php?rest_route=\/wp\/v2\/pages\/1780\/revisions\/2241"}],"wp:attachment":[{"href":"https:\/\/www.ff-bisamberg.at\/index.php?rest_route=%2Fwp%2Fv2%2Fmedia&parent=1780"}],"curies":[{"name":"wp","href":"https:\/\/api.w.org\/{rel}","templated":true}]}}