{"id":2244,"date":"2020-01-22T18:05:20","date_gmt":"2020-01-22T17:05:20","guid":{"rendered":"https:\/\/www.ff-bisamberg.at\/?page_id=2244"},"modified":"2020-01-22T18:07:07","modified_gmt":"2020-01-22T17:07:07","slug":"archiv","status":"publish","type":"page","link":"https:\/\/www.ff-bisamberg.at\/?page_id=2244","title":{"rendered":"Archiv"},"content":{"rendered":"\n<p>Unter dem Men\u00fc Archiv sind die Beitr\u00e4ge verschiedener Kategorien der vergangen Jahre zu finden (zum Beispiel Eins\u00e4tze und \u00dcbungen). Bitte w\u00e4hlen Sie zur Ansicht einen der Men\u00fcpunkte.<\/p>\n","protected":false},"excerpt":{"rendered":"<p>Unter dem Men\u00fc Archiv sind die Beitr\u00e4ge verschiedener Kategorien der vergangen Jahre zu finden (zum Beispiel Eins\u00e4tze und \u00dcbungen). Bitte w\u00e4hlen Sie zur Ansicht einen der Men\u00fcpunkte.<\/p>\n","protected":false},"author":9,"featured_media":0,"parent":0,"menu_order":0,"comment_status":"closed","ping_status":"closed","template":"","meta":{"ngg_post_thumbnail":0,"footnotes":""},"class_list":["post-2244","page","type-page","status-publish","hentry"],"publishpress_future_action":{"enabled":false,"date":"2026-04-21 11:58:08","action":"change-status","newStatus":"draft","terms":[],"taxonomy":"","extraData":[]},"publishpress_future_workflow_manual_trigger":{"enabledWorkflows":[]},"_links":{"self":[{"href":"https:\/\/www.ff-bisamberg.at\/index.php?rest_route=\/wp\/v2\/pages\/2244","targetHints":{"allow":["GET"]}}],"collection":[{"href":"https:\/\/www.ff-bisamberg.at\/index.php?rest_route=\/wp\/v2\/pages"}],"about":[{"href":"https:\/\/www.ff-bisamberg.at\/index.php?rest_route=\/wp\/v2\/types\/page"}],"author":[{"embeddable":true,"href":"https:\/\/www.ff-bisamberg.at\/index.php?rest_route=\/wp\/v2\/users\/9"}],"replies":[{"embeddable":true,"href":"https:\/\/www.ff-bisamberg.at\/index.php?rest_route=%2Fwp%2Fv2%2Fcomments&post=2244"}],"version-history":[{"count":2,"href":"https:\/\/www.ff-bisamberg.at\/index.php?rest_route=\/wp\/v2\/pages\/2244\/revisions"}],"predecessor-version":[{"id":2247,"href":"https:\/\/www.ff-bisamberg.at\/index.php?rest_route=\/wp\/v2\/pages\/2244\/revisions\/2247"}],"wp:attachment":[{"href":"https:\/\/www.ff-bisamberg.at\/index.php?rest_route=%2Fwp%2Fv2%2Fmedia&parent=2244"}],"curies":[{"name":"wp","href":"https:\/\/api.w.org\/{rel}","templated":true}]}}