{"id":3146,"date":"2023-01-16T08:06:50","date_gmt":"2023-01-16T07:06:50","guid":{"rendered":"https:\/\/www.ff-bisamberg.at\/?page_id=3146"},"modified":"2023-01-16T08:06:50","modified_gmt":"2023-01-16T07:06:50","slug":"2023-2","status":"publish","type":"page","link":"https:\/\/www.ff-bisamberg.at\/?page_id=3146","title":{"rendered":"2023"},"content":{"rendered":"\n<p>Hier finden Sie alle Eintr\u00e4ge, die 2023 ver\u00f6ffentlicht wurden. Ausgenommen sind kurzfristige Ank\u00fcndigungen.<\/p>\n","protected":false},"excerpt":{"rendered":"<p>Hier finden Sie alle Eintr\u00e4ge, die 2023 ver\u00f6ffentlicht wurden. Ausgenommen sind kurzfristige Ank\u00fcndigungen.<\/p>\n","protected":false},"author":9,"featured_media":0,"parent":0,"menu_order":0,"comment_status":"closed","ping_status":"closed","template":"","meta":{"ngg_post_thumbnail":0,"footnotes":""},"class_list":["post-3146","page","type-page","status-publish","hentry"],"publishpress_future_action":{"enabled":false,"date":"2026-04-21 11:58:27","action":"change-status","newStatus":"draft","terms":[],"taxonomy":"","extraData":[]},"publishpress_future_workflow_manual_trigger":{"enabledWorkflows":[]},"_links":{"self":[{"href":"https:\/\/www.ff-bisamberg.at\/index.php?rest_route=\/wp\/v2\/pages\/3146","targetHints":{"allow":["GET"]}}],"collection":[{"href":"https:\/\/www.ff-bisamberg.at\/index.php?rest_route=\/wp\/v2\/pages"}],"about":[{"href":"https:\/\/www.ff-bisamberg.at\/index.php?rest_route=\/wp\/v2\/types\/page"}],"author":[{"embeddable":true,"href":"https:\/\/www.ff-bisamberg.at\/index.php?rest_route=\/wp\/v2\/users\/9"}],"replies":[{"embeddable":true,"href":"https:\/\/www.ff-bisamberg.at\/index.php?rest_route=%2Fwp%2Fv2%2Fcomments&post=3146"}],"version-history":[{"count":1,"href":"https:\/\/www.ff-bisamberg.at\/index.php?rest_route=\/wp\/v2\/pages\/3146\/revisions"}],"predecessor-version":[{"id":3147,"href":"https:\/\/www.ff-bisamberg.at\/index.php?rest_route=\/wp\/v2\/pages\/3146\/revisions\/3147"}],"wp:attachment":[{"href":"https:\/\/www.ff-bisamberg.at\/index.php?rest_route=%2Fwp%2Fv2%2Fmedia&parent=3146"}],"curies":[{"name":"wp","href":"https:\/\/api.w.org\/{rel}","templated":true}]}}