{"id":3187,"date":"2023-02-12T11:12:04","date_gmt":"2023-02-12T10:12:04","guid":{"rendered":"https:\/\/www.ff-bisamberg.at\/?page_id=3187"},"modified":"2025-01-17T14:00:57","modified_gmt":"2025-01-17T13:00:57","slug":"sicherheitscard","status":"publish","type":"page","link":"https:\/\/www.ff-bisamberg.at\/?page_id=3187","title":{"rendered":"Sicherheitscard"},"content":{"rendered":"<p>Unterst\u00fctzen Sie unsere Aktion \u201eSicherheitsCard\u201c um \u20ac 25,- im Jahr.<\/p>\n<p>Daf\u00fcr k\u00f6nnen Sie an unserem Sicherheitstag (Termine werden rechtzeitig bekanntgegeben) zwei tragbare Feuerl\u00f6scher kostenlos \u00fcberpr\u00fcfen lassen (tragbare Feuerl\u00f6scher m\u00fcssen alle zwei Jahre von einem zertifizierten L\u00f6scherwart \u00fcberpr\u00fcft werden).<\/p>\n<p>Anbei der QR-Code f\u00fcr die \u00dcberweisung (Name und Adresse vollst\u00e4ndig ausf\u00fcllen) \u2013 Bitte diesen QR-Code in Ihrer Banking App \u00f6ffnen.<\/p>\n<p>Bitte beachten Sie, dass auf Grund einer Gegenleistung (Feuerl\u00f6scher \u00dcberpr\u00fcfung) der Beitrag f\u00fcr die Sicherheitscard nicht als Spende beim Steuerausgleich ber\u00fccksichtigt werden kann.<\/p>\n<p>IBAN: AT36 3239 5099 0040 0333<\/p>\n\n\n<figure class=\"wp-block-image size-full\"><img loading=\"lazy\" decoding=\"async\" width=\"326\" height=\"310\" src=\"https:\/\/www.ff-bisamberg.at\/wp-content\/uploads\/qr_spendenvorschlag_oder_sicherheitscard.png\" alt=\"\" class=\"wp-image-4132\" srcset=\"https:\/\/www.ff-bisamberg.at\/wp-content\/uploads\/qr_spendenvorschlag_oder_sicherheitscard.png 326w, https:\/\/www.ff-bisamberg.at\/wp-content\/uploads\/qr_spendenvorschlag_oder_sicherheitscard-300x285.png 300w\" sizes=\"auto, (max-width: 326px) 100vw, 326px\" \/><\/figure>\n","protected":false},"excerpt":{"rendered":"<p>Unterst\u00fctzen Sie unsere Aktion \u201eSicherheitsCard\u201c um \u20ac 25,- im Jahr. Daf\u00fcr k\u00f6nnen Sie an unserem Sicherheitstag (Termine werden rechtzeitig bekanntgegeben) zwei tragbare Feuerl\u00f6scher kostenlos \u00fcberpr\u00fcfen lassen (tragbare Feuerl\u00f6scher m\u00fcssen alle zwei Jahre von einem zertifizierten L\u00f6scherwart \u00fcberpr\u00fcft werden). Anbei der QR-Code f\u00fcr die \u00dcberweisung (Name und Adresse vollst\u00e4ndig ausf\u00fcllen) \u2013 Bitte diesen QR-Code in Ihrer [&hellip;]<\/p>\n","protected":false},"author":9,"featured_media":0,"parent":0,"menu_order":0,"comment_status":"closed","ping_status":"closed","template":"","meta":{"ngg_post_thumbnail":0,"footnotes":""},"class_list":["post-3187","page","type-page","status-publish","hentry"],"publishpress_future_action":{"enabled":false,"date":"2026-05-09 03:27:33","action":"change-status","newStatus":"draft","terms":[],"taxonomy":"","extraData":[]},"publishpress_future_workflow_manual_trigger":{"enabledWorkflows":[]},"_links":{"self":[{"href":"https:\/\/www.ff-bisamberg.at\/index.php?rest_route=\/wp\/v2\/pages\/3187","targetHints":{"allow":["GET"]}}],"collection":[{"href":"https:\/\/www.ff-bisamberg.at\/index.php?rest_route=\/wp\/v2\/pages"}],"about":[{"href":"https:\/\/www.ff-bisamberg.at\/index.php?rest_route=\/wp\/v2\/types\/page"}],"author":[{"embeddable":true,"href":"https:\/\/www.ff-bisamberg.at\/index.php?rest_route=\/wp\/v2\/users\/9"}],"replies":[{"embeddable":true,"href":"https:\/\/www.ff-bisamberg.at\/index.php?rest_route=%2Fwp%2Fv2%2Fcomments&post=3187"}],"version-history":[{"count":6,"href":"https:\/\/www.ff-bisamberg.at\/index.php?rest_route=\/wp\/v2\/pages\/3187\/revisions"}],"predecessor-version":[{"id":4135,"href":"https:\/\/www.ff-bisamberg.at\/index.php?rest_route=\/wp\/v2\/pages\/3187\/revisions\/4135"}],"wp:attachment":[{"href":"https:\/\/www.ff-bisamberg.at\/index.php?rest_route=%2Fwp%2Fv2%2Fmedia&parent=3187"}],"curies":[{"name":"wp","href":"https:\/\/api.w.org\/{rel}","templated":true}]}}