{"id":4122,"date":"2025-01-16T06:52:28","date_gmt":"2025-01-16T05:52:28","guid":{"rendered":"https:\/\/www.ff-bisamberg.at\/?page_id=4122"},"modified":"2025-01-16T06:52:28","modified_gmt":"2025-01-16T05:52:28","slug":"2025-2","status":"publish","type":"page","link":"https:\/\/www.ff-bisamberg.at\/?page_id=4122","title":{"rendered":"2025"},"content":{"rendered":"\n<p>Hier finden Sie alle Eintr\u00e4ge, die 2025 ver\u00f6ffentlicht wurden. Ausgenommen sind kurzfristige Ank\u00fcndigungen.<\/p>\n","protected":false},"excerpt":{"rendered":"<p>Hier finden Sie alle Eintr\u00e4ge, die 2025 ver\u00f6ffentlicht wurden. Ausgenommen sind kurzfristige Ank\u00fcndigungen.<\/p>\n","protected":false},"author":9,"featured_media":0,"parent":0,"menu_order":0,"comment_status":"closed","ping_status":"closed","template":"","meta":{"ngg_post_thumbnail":0,"footnotes":""},"class_list":["post-4122","page","type-page","status-publish","hentry"],"publishpress_future_action":{"enabled":false,"date":"2026-05-17 14:16:03","action":"change-status","newStatus":"draft","terms":[],"taxonomy":"","extraData":[]},"publishpress_future_workflow_manual_trigger":{"enabledWorkflows":[]},"_links":{"self":[{"href":"https:\/\/www.ff-bisamberg.at\/index.php?rest_route=\/wp\/v2\/pages\/4122","targetHints":{"allow":["GET"]}}],"collection":[{"href":"https:\/\/www.ff-bisamberg.at\/index.php?rest_route=\/wp\/v2\/pages"}],"about":[{"href":"https:\/\/www.ff-bisamberg.at\/index.php?rest_route=\/wp\/v2\/types\/page"}],"author":[{"embeddable":true,"href":"https:\/\/www.ff-bisamberg.at\/index.php?rest_route=\/wp\/v2\/users\/9"}],"replies":[{"embeddable":true,"href":"https:\/\/www.ff-bisamberg.at\/index.php?rest_route=%2Fwp%2Fv2%2Fcomments&post=4122"}],"version-history":[{"count":1,"href":"https:\/\/www.ff-bisamberg.at\/index.php?rest_route=\/wp\/v2\/pages\/4122\/revisions"}],"predecessor-version":[{"id":4123,"href":"https:\/\/www.ff-bisamberg.at\/index.php?rest_route=\/wp\/v2\/pages\/4122\/revisions\/4123"}],"wp:attachment":[{"href":"https:\/\/www.ff-bisamberg.at\/index.php?rest_route=%2Fwp%2Fv2%2Fmedia&parent=4122"}],"curies":[{"name":"wp","href":"https:\/\/api.w.org\/{rel}","templated":true}]}}