{"id":4153,"date":"2025-02-23T09:47:21","date_gmt":"2025-02-23T08:47:21","guid":{"rendered":"https:\/\/www.ff-bisamberg.at\/?page_id=4153"},"modified":"2025-03-01T20:03:57","modified_gmt":"2025-03-01T19:03:57","slug":"geschichte-tabellarisch","status":"publish","type":"page","link":"https:\/\/www.ff-bisamberg.at\/?page_id=4153","title":{"rendered":"Unsere Geschichte tabellarisch"},"content":{"rendered":"\n<figure class=\"wp-block-table is-style-stripes\"><table class=\"has-fixed-layout\"><tbody><tr><td>1885<\/td><td>Am 13. September 1885 wurde die Freiwillige Feurwehr Bisamberg gegr\u00fcndet.<\/td><\/tr><tr><td>1886<\/td><td>Zwei Hochwasserkatastrophen lassen die Wehr ihre Bew\u00e4hrungsprobe ausgezeichnet bestehen. Die ersten unterst\u00fctzenden Mitglieder, unter anderem der Pr\u00e4lat des Stiftes Klosterneuburg, treten der Wehr bei. <\/td><\/tr><tr><td>1887<\/td><td>Beitritt zum 1. N\u00f6. Feuerwehrunterst\u00fctzungsverein. Eine neue Spritze wird gekauft u. feierlich von der Lieferfirma eingeholt.<\/td><\/tr><tr><td>1891<\/td><td>Gr\u00fcndung einer Feuerwehrmusikkapelle unter der Leitung des Viehhirten Ignatz Meier, welche bis zum Jahre 1910 besteht. <\/td><\/tr><tr><td>1894<\/td><td>Anschaffung eines Hydrophor.<\/td><\/tr><tr><td>1897<\/td><td>Eine neuerliche Hochwasserkatastrophe pr\u00fcft die Leistungsf\u00e4higkeit der M\u00e4nner. <\/td><\/tr><tr><td>1899<\/td><td>Bei diesem Hochwasser konnte nur mit gro\u00dfer M\u00fche und unter Mithilfe eines Eisenbahnregimentes ein Dammbruch am Donaugraben verhindert werden. <\/td><\/tr><tr><td>1900<\/td><td>Zwei Gro\u00dfbr\u00e4nde \u00e4schern vier Geb\u00e4ude ein. Starker Wind erschwert die L\u00f6scharbeiten. Eine gr\u00f6\u00dfere Katastrophe kann nur durch die Mithilfe der Nachbarwehren verhindert werden. <\/td><\/tr><tr><td>1910<\/td><td>Das 25-j\u00e4hrige Bestandsjubil\u00e4um wird mit einem Festbankett im Gasthaus Watzinger eingeleitet. Am folgenden Festzug nehmen 400 Mann und 75 wei\u00dfgekleidete Jungfrauen teil, wie die Chronik vermerkt. Am Nachmittag findet ein Bezirksfeuerwehrtag in Bisamberg statt. Die anschlie\u00dfende Schau\u00fcbung findet bei der Bev\u00f6lkerung gro\u00dfes Interesse. In diesem Jahr r\u00fcckt die Wehr zu zwei Gro\u00dfbr\u00e4nden in der Nachbarschaft aus. Einmal zum Nordwestbahnhof und dann zum Holzh\u00e4ndler Gottfried Minich in Korneuburg. <\/td><\/tr><tr><td>1912<\/td><td>Anschaffung einer Motorspritze. Der Kinobesitzer Schernberger erh\u00e4lt eine Auff\u00fchrlizenz in Bisamberg unter der Bedingung, j\u00e4hrlich zwei Benefizvorstellungen zugunsten der Ortsfeuerwehr zu geben. <\/td><\/tr><tr><td>1913<\/td><td>Die Wehr veranstaltet einen Faschingszug. <\/td><\/tr><tr><td>1921<\/td><td>Ein Gro\u00dfbrand \u00e4schert drei Geb\u00e4ude ein. <\/td><\/tr><tr><td>1923<\/td><td>Der Aktivstand erreicht 34 Mann. Es wird beschlossen, vorerst keine neuen Mitglieder mehr aufzunehmen. <\/td><\/tr><tr><td>1925<\/td><td>Die Gastwirtschaft Paul Sieger auf der Elisabethh\u00f6he brennt bis auf die Grundmauern nieder. Die L\u00f6schversuche bleiben wegen Wassermangels erfolglos. <\/td><\/tr><tr><td>1929<\/td><td>Das letzte Gr\u00fcndungsmitglied, Paul Lahner, stirbt. <\/td><\/tr><tr><td>1930<\/td><td>Aus Anla\u00df des 45-j\u00e4hrigen Bestandsjubil\u00e4um wird ein Gartenfest veranstaltet. <\/td><\/tr><tr><td>1935<\/td><td>Die Feuerwehr ist nun 50 Jahre jung. \u00dcber die Gestaltung der Jubil\u00e4umsfeierlichkeiten gibt es keinerlei Aufzeichnungen. <\/td><\/tr><tr><td>1938<\/td><td>Die Ortsfeuerwehr wird analog der Gemeindeverwaltung der Stadt Wien unterstellt. <\/td><\/tr><tr><td>1954<\/td><td>Am 21. September erfolgt die \u00dcbergabe der Verwaltung der Feuerwehreinrichtungen durch die Stadt Wien an den Leiter der Freiwilligen Feuerwehr Bisamberg, Herrn Leopold Kralovec. Die Wehr steht wieder einmal in unerm\u00fcdlichem Hochwassereinsatz. <\/td><\/tr><tr><td>1958<\/td><td>Erstmals werden alle aktiven Feuerwehrmitglieder durch eine kollektive Unfallversicherung f\u00fcr Schadensf\u00e4lle bei Eins\u00e4tzen materiell abgesichert. <\/td><\/tr><tr><td>1960<\/td><td>Das 75-j\u00e4hrige Gr\u00fcndungsfest wird mit einer Schau\u00fcbung und einem Gartenfest feierlich begangen. Die Festrede h\u00e4lt der Heimatdichter Hans Widermann.<\/td><\/tr><tr><td>1961<\/td><td>Ein in Eigenregie hergerichteter Tankwagen wird mit der Weihe seiner Bestimmung \u00fcbergeben, nachdem drei Jahre vorher auf gleiche Weise ein Jeep als Kommandofahrzeug adaptiert wurde. <\/td><\/tr><tr><td>1962<\/td><td>Die Gemeinde kauft ein Wirtschaftsgeb\u00e4ude mit dazugeh\u00f6rigem Grundst\u00fcck von der Abensperg-Traunschen Gutsverwaltung in der Dabschstra\u00dfe als neues Zuhause f\u00fcr die Ortsfeuerwehr. <\/td><\/tr><tr><td>1964<\/td><td>Die Feuerwehr veranstaltet auf der Gamsh\u00f6he einen Almkirtag. <\/td><\/tr><tr><td>1965<\/td><td>Ein Landrover, das dritte Kraftfahrzeug, wird gekauft. Die Wehr wird durch ein Hochwasser besonders in Anspruch genommen. <\/td><\/tr><tr><td>1967<\/td><td>Ein gro\u00dfer Rover mit Pumpe wird angeschafft. Erstmals wird zu Floriani der Tag der \u201eOffenen T\u00fcren&#8220; veranstaltet.<\/td><\/tr><tr><td>1968<\/td><td>Am 16. Juni wird das neue Zeughaus in der Dabschstra\u00dfe eingeweiht und feierlich seiner Bestimmung \u00fcbergeben. <\/td><\/tr><tr><td>1969<\/td><td>Die Gemeinde kauft ein Tankl\u00f6schfahrzeug mit 2000 Liter Wasserinhalt und einer Hochdruckpumpe. Das Zeitalter des Sprechfunks bricht auch bei unserer Wehr an. <\/td><\/tr><tr><td>1970<\/td><td>Ein neues Feuerwehrgesetz tritt in Kraft; die Freiwilligen Feuerwehren werden K\u00f6rperschaften \u00f6ffentlichen Rechten. <\/td><\/tr><tr><td>1971<\/td><td>Ein vom \u00d6sterreichischen Bundesheer erworbener Dodge wird als Kleinr\u00fcstfahrzeug in Dienst gestellt. <\/td><\/tr><tr><td>1972<\/td><td>Gemeinsam mit der Gemeinde wird ein VW-Bus, ausger\u00fcstet mit Funk, als Kommandofahrzeug gekauft. <\/td><\/tr><tr><td>1973<\/td><td>Am Nationalfeiertag wird gleichzeitig mit der Einweihung des neuen Gemeindehauses der Zubau zum Zeughaus, der haupts\u00e4chlich durch Eigenleistung der Feuerwehrm\u00e4nner errichtet wurde, und auch die beiden Fahrzeuge, Tank und Kommando-VW, eingeweiht. B\u00fcrgermeister Komm.-Rat Gustl Schmidt wird mit der Bundes-Florianiplakette ausgezeichnet und ist der erste Inhaber dieser Auszeichnung im Bezirk. Kommandant Roland M\u00f6ssl wird von der Gemeinde durch die \u00fcberreichung des Bisamberger Wappenschildes f\u00fcr seine Verdienste um die \u00f6rtliche Wehr bedankt. <\/td><\/tr><tr><td>1974<\/td><td>Die Feuerwehr Bisamberg wird Sitz einer weiteren Sondereinheit, der Tauchgruppe Ost, nachdem die Sprenggruppe 9 schon sechs Jahre ihren Sitz bei uns hat. <\/td><\/tr><tr><td>1975<\/td><td>Die Feuerwehr begeht ihr 90-j\u00e4hriges Bestandsjubil\u00e4um mit einer Festsitzung, einem festlichen Empfang im Gemeindeamt und einer zweit\u00e4gigen Festveranstaltung in der Union-Veranstaltungshalle. <\/td><\/tr><tr><td>1976<\/td><td>Es erfolgt die Gr\u00fcndung einer Jugendfeuerwehrgruppe. Ein R\u00fcstwagen wird vom Umspannwerk Bisamberg gekauft. Kommandant M\u00f6ssl wird Unterabschnittskommandant. <\/td><\/tr><tr><td>1977<\/td><td>Der 1. Floriani-Wandertag wird veranstaltet. Vom \u00d6sterreichischen Bundesheer wird eine fahrbare Feldk\u00fcche gekauft. <\/td><\/tr><tr><td>1978<\/td><td>Ein Teil des Dachbodens im Feuerwehrhaus wird zu einem Sitzungssaal ausgebaut. <\/td><\/tr><tr><td>1980<\/td><td>Der neuerliche Zubau beim Feuerwehrhaus wird abgeschlossen. Gemeinsam mit dem FC Bisamberg wird das erste Wiesenfest veranstaltet. <\/td><\/tr><tr><td>1981<\/td><td>Auch unsere Feuerwehr eilt anl\u00e4\u00dflich einer Sturmkatastrophe der Wiener Berufsfeuerwehr zu Hilfe. <\/td><\/tr><tr><td>1982<\/td><td>Die Fahrzeuge werden komplett mit neuen Funkger\u00e4ten ausgestattet.<\/td><\/tr><tr><td>1985<\/td><td>Die Feuerwehr besteht nun aus 91 aktiven Feuerwehrmanner, 2 Mann Schutzmannschaft und einer Jugendgruppe mit 11 Mann und feiert mit Bevolkerung und Gemeindeverwaltung den 100-jahrigen Bestand. Als Geburtstagsgeschenk bekommen wir ein neues R\u00fcstfahrzeug.<\/td><\/tr><tr><td>1986<\/td><td>Verheerender Unwetter innerhalb von 2 Tagen bescheren 56 Eins\u00e4tze. Am 6. November kommt es zu einem Gro\u00dfbrand im Kaufhaus Minnich in Korneuburg.<\/td><\/tr><tr><td>1987<\/td><td>Das Feuerwehrhaus wird um einen Verwaltungsraum erweitert. <\/td><\/tr><tr><td>1988<\/td><td>Der sp\u00e4tere Feuerwehrkommandant Dr. G\u00fcnter Trettenhahn wird zum Feuerwehrkommandant-Stellvertreter gew\u00e4hlt<\/td><\/tr><tr><td>1989<\/td><td>wird ein gebrauchter LKW mit Ladebordwand (Steyr 690) in Eigenregie zum Versorgungsfahrzeug umgebaut. Das Feuerwehrhaus erh\u00e4lt eine Teek\u00fcche.<\/td><\/tr><tr><td>1991<\/td><td>Roland M\u00f6ssl gibt nach 23 Jahren sein Amt als Feuerwehrkommandant an Dr. G\u00fcnter Trettenhahn weiter. Das neue Tankl\u00f6schfahrzeug (TLFA 4000) wird in Dienst gestellt und die Feuerwehrjugend feiert ihr 15-j\u00e4hriges Bestehen.<\/td><\/tr><tr><td>1992<\/td><td>werden Ing. Josef Winter und Erwin Peschek zum neuen Kommando der Feuerwehr Bisamberg gew\u00e4hlt. Die gesamte Mannschaft wird mit neuen Einsatzoveralls und textilen Schutzjacken ausger\u00fcstet. Durch die Reformierung des gesamten Alarmierungssystems wird in Bisamberg der Feuerwehrmotruf 122 eingef\u00fchrt und die Einsatzkr\u00e4fte werden ab nun auch mittels Pager alarmiert.<\/td><\/tr><tr><td>1993<\/td><td>Ausstellung \u201eRetter von Hab und Gut\u201c in der Schlossveranstaltungshalle statt. 162 mal m\u00fcssen die freiwilligen Kr\u00e4fte in diesem Jahr ausr\u00fccken.<\/td><\/tr><tr><td>1994<\/td><td>Eine hochmoderne Messtechnikausr\u00fcstung (Gassp\u00fcrger\u00e4t, Explosimeter, Luftpr\u00fcfr\u00f6hrchen) angeschafft.<\/td><\/tr><tr><td>1996<\/td><td>Umfassende Umbauarbeiten am Feuerwehrhaus zur Gew\u00e4hrleistung eines zeitgem\u00e4\u00dfen Einsatzbetriebs. Erstmals treten weibliche Mitglieder der Freiwilligen Feuerwehr Bisamberg bei. <\/td><\/tr><tr><td>1997<\/td><td>Offizielle Er\u00f6ffnung des neu adaptierten Feuerwehrhauses.<\/td><\/tr><tr><td>1998<\/td><td>Anschaffung eines gebrauchten Gel\u00e4ndewagens (Puch-G), der zum Einsatzfahrzeug umfunktioniert wird. Bei einem Gro\u00dfbrand am 24. November wird die Dachkonstruktion des Florian Berndl Bades ein Raub der Flammen. Mit 326 eingesetzten Einsatzkr\u00e4ften von 15 Feuerwehren stellt dieser Einsatz den gr\u00f6\u00dften in der Geschichte der Feuerwehr Bisamberg dar. 55 neue Helme werden angeschafft und die Aktion \u201eSicherheitsCard\u201c wird ins Leben gerufen.<\/td><\/tr><tr><td>2001<\/td><td>Die Feuerwehrjugendgruppe ist inzwischen auf 25 Mitglieder angewachsen und feiert ihr 25 j\u00e4hriges Bestandsjubil\u00e4um.<\/td><\/tr><tr><td>2002<\/td><td>Ein Mercedes Sprinter wird als neues Versorgungsfahrzeug eingeweiht und in Dienst gestellt. Die Entwicklung eines flexiblen Rollcontainersystems beginnt. Das Jahrhunderthochwasser im August des Jahres h\u00e4lt auch die Feuerwehr Bisamberg in Atem. Anschaffung des Versorgungsfahrzeuges auf Mercedes Sprinter mit innovativen Rollcontainerkonzept. Dieses Konzept bew\u00e4hrt sich bereits beim Jahrhunderthochwasser, bei dem auch unsere Feuerwehrzillen in der Korneuburger Werft zum Einsatz kommen.<\/td><\/tr><tr><td>2003<\/td><td>Anschaffung von neuer Einsatzbekleidung in Blau mit h\u00f6herer Schutzwirkung im Einsatz.<\/td><\/tr><tr><td>2004<\/td><td>Nach 12 Jahren als Feuerwehrkommandant gibt Ing. Josef Winter das Zepter an Fritz Haller (KDT) weiter. Kommandant Stellverteter bleibt Erwin Peschek.<\/td><\/tr><tr><td>2006<\/td><td>Franz Fischer jun. wird zum Feuerwehrkommandant Stellvertreter gew\u00e4hlt und erg\u00e4nzt das Feuerwehrkommando, au\u00dferdem wird das RLF (R\u00fcstl\u00f6schfahrzeug) in Dienst gestellt. Dieses Fahrzeug ersetzt zwei Fahrzeuge, das Tankl\u00f6schfahrzeug 2000 (TLF2000) und das R\u00fcstfahrzeug (RFA).<\/td><\/tr><tr><td>2010<\/td><td>Das Kommandofahrzeug (KDF) wird in Dienst gestellt und durch eine Vielzahl an Stunden durch Feuerwehrmitglieder zum Teil selbst aufgebaut.<\/td><\/tr><tr><td>2013<\/td><td>Ein Jahrhunderthochwasser besch\u00e4ftigt die Feuerwehr Bisamberg.<\/td><\/tr><tr><td>2014<\/td><td>Neuanschaffung als Ersatz f\u00fcr das in die Jahre gekommene Mannschaftstransportfahrzeug (MTF).<\/td><\/tr><tr><td>2018<\/td><td>Ein lokales Starkregenereignis besch\u00e4ftigt die Einsatzkr\u00e4fte. \u00dcber 130 Einsatzstellen mussten an diesem Tag angefahren werden. Es unterst\u00fctzen die Feuerwehren, Klein- Engersdorf, Flandorf, Korneuburg, Langenzersdorf.<\/td><\/tr><tr><td>2020<\/td><td>Anschaffung des neuen Hilfleistungsfahrzeugs (HLFA3).<\/td><\/tr><tr><td>2021<\/td><td>Nach 15 Jahren im Feuerwehrkommando \u00fcbergibt Franz Fischer jun. die Rolles des Kommandant Stellvertreters an Michael Harold.<\/td><\/tr><tr><td>2024<\/td><td>Einsatzreichstes Jahr in der Geschichte der Feuerwehr Bisamberg mit 219 Eins\u00e4tzen.<\/td><\/tr><\/tbody><\/table><\/figure>\n\n\n\n<p><em><strong>Quellen:<\/strong><br>Dr. Rudolf Maier<br>Aufzeichnungen des ehem. Kdt. Josef Winter<br>Verwaltung der Feuerwehr Bisamberg<\/em><\/p>\n\n\n\n<p><\/p>\n","protected":false},"excerpt":{"rendered":"<p>1885 Am 13. September 1885 wurde die Freiwillige Feurwehr Bisamberg gegr\u00fcndet. 1886 Zwei Hochwasserkatastrophen lassen die Wehr ihre Bew\u00e4hrungsprobe ausgezeichnet bestehen. Die ersten unterst\u00fctzenden Mitglieder, unter anderem der Pr\u00e4lat des Stiftes Klosterneuburg, treten der Wehr bei. 1887 Beitritt zum 1. N\u00f6. Feuerwehrunterst\u00fctzungsverein. Eine neue Spritze wird gekauft u. feierlich von der Lieferfirma eingeholt. 1891 Gr\u00fcndung [&hellip;]<\/p>\n","protected":false},"author":9,"featured_media":0,"parent":0,"menu_order":0,"comment_status":"closed","ping_status":"closed","template":"","meta":{"ngg_post_thumbnail":0,"footnotes":""},"class_list":["post-4153","page","type-page","status-publish","hentry"],"publishpress_future_action":{"enabled":false,"date":"2026-05-23 04:05:58","action":"change-status","newStatus":"draft","terms":[],"taxonomy":"","extraData":[]},"publishpress_future_workflow_manual_trigger":{"enabledWorkflows":[]},"_links":{"self":[{"href":"https:\/\/www.ff-bisamberg.at\/index.php?rest_route=\/wp\/v2\/pages\/4153","targetHints":{"allow":["GET"]}}],"collection":[{"href":"https:\/\/www.ff-bisamberg.at\/index.php?rest_route=\/wp\/v2\/pages"}],"about":[{"href":"https:\/\/www.ff-bisamberg.at\/index.php?rest_route=\/wp\/v2\/types\/page"}],"author":[{"embeddable":true,"href":"https:\/\/www.ff-bisamberg.at\/index.php?rest_route=\/wp\/v2\/users\/9"}],"replies":[{"embeddable":true,"href":"https:\/\/www.ff-bisamberg.at\/index.php?rest_route=%2Fwp%2Fv2%2Fcomments&post=4153"}],"version-history":[{"count":12,"href":"https:\/\/www.ff-bisamberg.at\/index.php?rest_route=\/wp\/v2\/pages\/4153\/revisions"}],"predecessor-version":[{"id":4175,"href":"https:\/\/www.ff-bisamberg.at\/index.php?rest_route=\/wp\/v2\/pages\/4153\/revisions\/4175"}],"wp:attachment":[{"href":"https:\/\/www.ff-bisamberg.at\/index.php?rest_route=%2Fwp%2Fv2%2Fmedia&parent=4153"}],"curies":[{"name":"wp","href":"https:\/\/api.w.org\/{rel}","templated":true}]}}